{"id":13790,"date":"2023-11-06T08:33:24","date_gmt":"2023-11-06T08:33:24","guid":{"rendered":"https:\/\/www.poliklinikabagatin.hr\/Cenik\/Posebneponudbe"},"modified":"2025-07-14T15:22:39","modified_gmt":"2025-07-14T15:22:39","slug":"Posebne-ponudbe","status":"publish","type":"page","link":"https:\/\/www.poliklinikabagatin.hr\/slo\/Cenik\/Posebne-ponudbe","title":{"rendered":"Posebne ponudbe"},"content":{"rendered":"","protected":false},"excerpt":{"rendered":"<p>Izkoristite edinstvene ugodnosti na\u0161e trenutne ponudbe! Poi\u0161\u010dite posebej oblikovane pakete in promocijske cene za estetske, zobozdravstvene, dermatolo\u0161ke in kirur\u0161ke storitve v Polikliniki Bagatin.   <\/p>\n","protected":false},"author":13,"featured_media":0,"parent":13781,"menu_order":76,"comment_status":"closed","ping_status":"closed","template":"tpl-price-detail.php","meta":{"_acf_changed":false,"footnotes":""},"class_list":["post-13790","page","type-page","status-publish","hentry"],"acf":[],"yoast_head":"<!-- This site is optimized with the Yoast SEO plugin v25.2 - https:\/\/yoast.com\/wordpress\/plugins\/seo\/ -->\n<title>Posebne ponudbe - Poliklinika Bagatin<\/title>\n<meta name=\"robots\" content=\"index, follow, max-snippet:-1, max-image-preview:large, max-video-preview:-1\" \/>\n<link rel=\"canonical\" href=\"https:\/\/www.poliklinikabagatin.hr\/slo\/Cenik\/Posebne-ponudbe\" \/>\n<meta property=\"og:locale\" content=\"en_US\" \/>\n<meta property=\"og:type\" content=\"article\" \/>\n<meta property=\"og:title\" content=\"Posebne ponudbe - Poliklinika Bagatin\" \/>\n<meta property=\"og:description\" content=\"Izkoristite edinstvene ugodnosti na\u0161e trenutne ponudbe! Poi\u0161\u010dite posebej oblikovane pakete in promocijske cene za estetske, zobozdravstvene, dermatolo\u0161ke in kirur\u0161ke storitve v Polikliniki Bagatin.\" \/>\n<meta property=\"og:url\" content=\"https:\/\/www.poliklinikabagatin.hr\/slo\/Cenik\/Posebne-ponudbe\" \/>\n<meta property=\"og:site_name\" content=\"Poliklinika Bagatin\" \/>\n<meta property=\"article:modified_time\" content=\"2025-07-14T15:22:39+00:00\" \/>\n<meta name=\"twitter:card\" content=\"summary_large_image\" \/>\n<!-- \/ Yoast SEO plugin. -->","yoast_head_json":{"title":"Posebne ponudbe - Poliklinika Bagatin","robots":{"index":"index","follow":"follow","max-snippet":"max-snippet:-1","max-image-preview":"max-image-preview:large","max-video-preview":"max-video-preview:-1"},"canonical":"https:\/\/www.poliklinikabagatin.hr\/slo\/Cenik\/Posebne-ponudbe","og_locale":"en_US","og_type":"article","og_title":"Posebne ponudbe - Poliklinika Bagatin","og_description":"Izkoristite edinstvene ugodnosti na\u0161e trenutne ponudbe! Poi\u0161\u010dite posebej oblikovane pakete in promocijske cene za estetske, zobozdravstvene, dermatolo\u0161ke in kirur\u0161ke storitve v Polikliniki Bagatin.","og_url":"https:\/\/www.poliklinikabagatin.hr\/slo\/Cenik\/Posebne-ponudbe","og_site_name":"Poliklinika Bagatin","article_modified_time":"2025-07-14T15:22:39+00:00","twitter_card":"summary_large_image","schema":{"@context":"https:\/\/schema.org","@graph":[{"@type":"WebPage","@id":"https:\/\/www.poliklinikabagatin.hr\/slo\/Cenik\/Posebne-ponudbe","url":"https:\/\/www.poliklinikabagatin.hr\/slo\/Cenik\/Posebne-ponudbe","name":"Posebne ponudbe - Poliklinika Bagatin","isPartOf":{"@id":"https:\/\/www.poliklinikabagatin.hr\/slo#website"},"datePublished":"2023-11-06T08:33:24+00:00","dateModified":"2025-07-14T15:22:39+00:00","breadcrumb":{"@id":"https:\/\/www.poliklinikabagatin.hr\/slo\/Cenik\/Posebne-ponudbe#breadcrumb"},"inLanguage":"sl-SL","potentialAction":[{"@type":"ReadAction","target":["https:\/\/www.poliklinikabagatin.hr\/slo\/Cenik\/Posebne-ponudbe"]}]},{"@type":"BreadcrumbList","@id":"https:\/\/www.poliklinikabagatin.hr\/slo\/Cenik\/Posebne-ponudbe#breadcrumb","itemListElement":[{"@type":"ListItem","position":1,"name":"Po\u010detna stranica","item":"https:\/\/www.poliklinikabagatin.hr\/slo"},{"@type":"ListItem","position":2,"name":"Cenik","item":"https:\/\/www.poliklinikabagatin.hr\/slo\/Cenik"},{"@type":"ListItem","position":3,"name":"Posebne ponudbe"}]},{"@type":"WebSite","@id":"https:\/\/www.poliklinikabagatin.hr\/slo#website","url":"https:\/\/www.poliklinikabagatin.hr\/slo","name":"Poliklinika Bagatin","description":"","potentialAction":[{"@type":"SearchAction","target":{"@type":"EntryPoint","urlTemplate":"https:\/\/www.poliklinikabagatin.hr\/slo?s={search_term_string}"},"query-input":{"@type":"PropertyValueSpecification","valueRequired":true,"valueName":"search_term_string"}}],"inLanguage":"sl-SL"}]}},"_links":{"self":[{"href":"https:\/\/www.poliklinikabagatin.hr\/slo\/wp-json\/wp\/v2\/pages\/13790","targetHints":{"allow":["GET"]}}],"collection":[{"href":"https:\/\/www.poliklinikabagatin.hr\/slo\/wp-json\/wp\/v2\/pages"}],"about":[{"href":"https:\/\/www.poliklinikabagatin.hr\/slo\/wp-json\/wp\/v2\/types\/page"}],"author":[{"embeddable":true,"href":"https:\/\/www.poliklinikabagatin.hr\/slo\/wp-json\/wp\/v2\/users\/13"}],"replies":[{"embeddable":true,"href":"https:\/\/www.poliklinikabagatin.hr\/slo\/wp-json\/wp\/v2\/comments?post=13790"}],"version-history":[{"count":1,"href":"https:\/\/www.poliklinikabagatin.hr\/slo\/wp-json\/wp\/v2\/pages\/13790\/revisions"}],"predecessor-version":[{"id":14947,"href":"https:\/\/www.poliklinikabagatin.hr\/slo\/wp-json\/wp\/v2\/pages\/13790\/revisions\/14947"}],"up":[{"embeddable":true,"href":"https:\/\/www.poliklinikabagatin.hr\/slo\/wp-json\/wp\/v2\/pages\/13781"}],"wp:attachment":[{"href":"https:\/\/www.poliklinikabagatin.hr\/slo\/wp-json\/wp\/v2\/media?parent=13790"}],"curies":[{"name":"wp","href":"https:\/\/api.w.org\/{rel}","templated":true}]}}