{"id":13780,"date":"2023-08-11T07:12:48","date_gmt":"2023-08-11T07:12:48","guid":{"rendered":"https:\/\/www.poliklinikabagatin.hr\/Kozmetinakirurgija"},"modified":"2025-07-29T15:12:10","modified_gmt":"2025-07-29T15:12:10","slug":"Estetska-kirurgija","status":"publish","type":"page","link":"https:\/\/www.poliklinikabagatin.hr\/slo\/Cenik\/Estetska-kirurgija","title":{"rendered":"Kozmeti\u010dna kirurgija"},"content":{"rendered":"","protected":false},"excerpt":{"rendered":"<p>Re\u0161ite te\u017eave obraza, telesa ali prsi z vrhunskimi strokovnjaki, maksimalno varnostjo, individualnim pristopom in najvi\u0161jimi standardi kakovosti. Rezervirajte termin za posvet. <\/p>\n","protected":false},"author":13,"featured_media":0,"parent":13781,"menu_order":51,"comment_status":"closed","ping_status":"closed","template":"tpl-price-detail.php","meta":{"_acf_changed":false,"footnotes":""},"class_list":["post-13780","page","type-page","status-publish","hentry"],"acf":[],"yoast_head":"<!-- This site is optimized with the Yoast SEO plugin v25.2 - https:\/\/yoast.com\/wordpress\/plugins\/seo\/ -->\n<title>Kozmeti\u010dna kirurgija - Poliklinika Bagatin<\/title>\n<meta name=\"robots\" content=\"index, follow, max-snippet:-1, max-image-preview:large, max-video-preview:-1\" \/>\n<link rel=\"canonical\" href=\"https:\/\/www.poliklinikabagatin.hr\/slo\/Cenik\/Estetska-kirurgija\" \/>\n<meta property=\"og:locale\" content=\"en_US\" \/>\n<meta property=\"og:type\" content=\"article\" \/>\n<meta property=\"og:title\" content=\"Kozmeti\u010dna kirurgija - Poliklinika Bagatin\" \/>\n<meta property=\"og:description\" content=\"Re\u0161ite te\u017eave obraza, telesa ali prsi z vrhunskimi strokovnjaki, maksimalno varnostjo, individualnim pristopom in najvi\u0161jimi standardi kakovosti. Rezervirajte termin za posvet.\" \/>\n<meta property=\"og:url\" content=\"https:\/\/www.poliklinikabagatin.hr\/slo\/Cenik\/Estetska-kirurgija\" \/>\n<meta property=\"og:site_name\" content=\"Poliklinika Bagatin\" \/>\n<meta property=\"article:modified_time\" content=\"2025-07-29T15:12:10+00:00\" \/>\n<meta name=\"twitter:card\" content=\"summary_large_image\" \/>\n<!-- \/ Yoast SEO plugin. -->","yoast_head_json":{"title":"Kozmeti\u010dna kirurgija - Poliklinika Bagatin","robots":{"index":"index","follow":"follow","max-snippet":"max-snippet:-1","max-image-preview":"max-image-preview:large","max-video-preview":"max-video-preview:-1"},"canonical":"https:\/\/www.poliklinikabagatin.hr\/slo\/Cenik\/Estetska-kirurgija","og_locale":"en_US","og_type":"article","og_title":"Kozmeti\u010dna kirurgija - Poliklinika Bagatin","og_description":"Re\u0161ite te\u017eave obraza, telesa ali prsi z vrhunskimi strokovnjaki, maksimalno varnostjo, individualnim pristopom in najvi\u0161jimi standardi kakovosti. Rezervirajte termin za posvet.","og_url":"https:\/\/www.poliklinikabagatin.hr\/slo\/Cenik\/Estetska-kirurgija","og_site_name":"Poliklinika Bagatin","article_modified_time":"2025-07-29T15:12:10+00:00","twitter_card":"summary_large_image","schema":{"@context":"https:\/\/schema.org","@graph":[{"@type":"WebPage","@id":"https:\/\/www.poliklinikabagatin.hr\/slo\/Cenik\/Estetska-kirurgija","url":"https:\/\/www.poliklinikabagatin.hr\/slo\/Cenik\/Estetska-kirurgija","name":"Kozmeti\u010dna kirurgija - Poliklinika Bagatin","isPartOf":{"@id":"https:\/\/www.poliklinikabagatin.hr\/slo#website"},"datePublished":"2023-08-11T07:12:48+00:00","dateModified":"2025-07-29T15:12:10+00:00","breadcrumb":{"@id":"https:\/\/www.poliklinikabagatin.hr\/slo\/Cenik\/Estetska-kirurgija#breadcrumb"},"inLanguage":"sl-SL","potentialAction":[{"@type":"ReadAction","target":["https:\/\/www.poliklinikabagatin.hr\/slo\/Cenik\/Estetska-kirurgija"]}]},{"@type":"BreadcrumbList","@id":"https:\/\/www.poliklinikabagatin.hr\/slo\/Cenik\/Estetska-kirurgija#breadcrumb","itemListElement":[{"@type":"ListItem","position":1,"name":"Po\u010detna stranica","item":"https:\/\/www.poliklinikabagatin.hr\/slo"},{"@type":"ListItem","position":2,"name":"Cenik","item":"https:\/\/www.poliklinikabagatin.hr\/slo\/Cenik"},{"@type":"ListItem","position":3,"name":"Kozmeti\u010dna kirurgija"}]},{"@type":"WebSite","@id":"https:\/\/www.poliklinikabagatin.hr\/slo#website","url":"https:\/\/www.poliklinikabagatin.hr\/slo","name":"Poliklinika Bagatin","description":"","potentialAction":[{"@type":"SearchAction","target":{"@type":"EntryPoint","urlTemplate":"https:\/\/www.poliklinikabagatin.hr\/slo?s={search_term_string}"},"query-input":{"@type":"PropertyValueSpecification","valueRequired":true,"valueName":"search_term_string"}}],"inLanguage":"sl-SL"}]}},"_links":{"self":[{"href":"https:\/\/www.poliklinikabagatin.hr\/slo\/wp-json\/wp\/v2\/pages\/13780","targetHints":{"allow":["GET"]}}],"collection":[{"href":"https:\/\/www.poliklinikabagatin.hr\/slo\/wp-json\/wp\/v2\/pages"}],"about":[{"href":"https:\/\/www.poliklinikabagatin.hr\/slo\/wp-json\/wp\/v2\/types\/page"}],"author":[{"embeddable":true,"href":"https:\/\/www.poliklinikabagatin.hr\/slo\/wp-json\/wp\/v2\/users\/13"}],"replies":[{"embeddable":true,"href":"https:\/\/www.poliklinikabagatin.hr\/slo\/wp-json\/wp\/v2\/comments?post=13780"}],"version-history":[{"count":5,"href":"https:\/\/www.poliklinikabagatin.hr\/slo\/wp-json\/wp\/v2\/pages\/13780\/revisions"}],"predecessor-version":[{"id":15833,"href":"https:\/\/www.poliklinikabagatin.hr\/slo\/wp-json\/wp\/v2\/pages\/13780\/revisions\/15833"}],"up":[{"embeddable":true,"href":"https:\/\/www.poliklinikabagatin.hr\/slo\/wp-json\/wp\/v2\/pages\/13781"}],"wp:attachment":[{"href":"https:\/\/www.poliklinikabagatin.hr\/slo\/wp-json\/wp\/v2\/media?parent=13780"}],"curies":[{"name":"wp","href":"https:\/\/api.w.org\/{rel}","templated":true}]}}