{"id":13774,"date":"2023-11-06T08:28:15","date_gmt":"2023-11-06T08:28:15","guid":{"rendered":"https:\/\/www.poliklinikabagatin.hr\/Zobozdravstvo"},"modified":"2025-07-22T09:41:07","modified_gmt":"2025-07-22T09:41:07","slug":"Stomatologija","status":"publish","type":"page","link":"https:\/\/www.poliklinikabagatin.hr\/slo\/Cenik\/Stomatologija","title":{"rendered":"Zobozdravstvo"},"content":{"rendered":"","protected":false},"excerpt":{"rendered":"<p>Investirajte v zdravje in lepoto svojega nasmeha z vrhunsko zobozdravstveno oskrbo. Na\u0161a ekipa uporablja sodobne metode in tehnologijo za diagnostiko, zdravljenje in estetsko rekonstrukcijo zob. <\/p>\n","protected":false},"author":13,"featured_media":0,"parent":13781,"menu_order":65,"comment_status":"closed","ping_status":"closed","template":"tpl-price-detail.php","meta":{"_acf_changed":false,"footnotes":""},"class_list":["post-13774","page","type-page","status-publish","hentry"],"acf":[],"yoast_head":"<!-- This site is optimized with the Yoast SEO plugin v25.2 - https:\/\/yoast.com\/wordpress\/plugins\/seo\/ -->\n<title>Cenik zobozdravstvenih storitev - Poliklinika Bagatin<\/title>\n<meta name=\"description\" content=\"Cenik zobozdravstvenih storitev v Polikliniki Bagatin. Izvedite vse o na\u0161ih storitvah, posebnih ponudbah in na\u010dinih pla\u010dila.\" \/>\n<meta name=\"robots\" content=\"index, follow, max-snippet:-1, max-image-preview:large, max-video-preview:-1\" \/>\n<link rel=\"canonical\" href=\"https:\/\/www.poliklinikabagatin.hr\/slo\/Cenik\/Stomatologija\" \/>\n<meta property=\"og:locale\" content=\"en_US\" \/>\n<meta property=\"og:type\" content=\"article\" \/>\n<meta property=\"og:title\" content=\"Cenik zobozdravstvenih storitev - Poliklinika Bagatin\" \/>\n<meta property=\"og:description\" content=\"Cenik zobozdravstvenih storitev v Polikliniki Bagatin. Izvedite vse o na\u0161ih storitvah, posebnih ponudbah in na\u010dinih pla\u010dila.\" \/>\n<meta property=\"og:url\" content=\"https:\/\/www.poliklinikabagatin.hr\/slo\/Cenik\/Stomatologija\" \/>\n<meta property=\"og:site_name\" content=\"Poliklinika Bagatin\" \/>\n<meta property=\"article:modified_time\" content=\"2025-07-22T09:41:07+00:00\" \/>\n<meta name=\"twitter:card\" content=\"summary_large_image\" \/>\n<!-- \/ Yoast SEO plugin. -->","yoast_head_json":{"title":"Cenik zobozdravstvenih storitev - Poliklinika Bagatin","description":"Cenik zobozdravstvenih storitev v Polikliniki Bagatin. Izvedite vse o na\u0161ih storitvah, posebnih ponudbah in na\u010dinih pla\u010dila.","robots":{"index":"index","follow":"follow","max-snippet":"max-snippet:-1","max-image-preview":"max-image-preview:large","max-video-preview":"max-video-preview:-1"},"canonical":"https:\/\/www.poliklinikabagatin.hr\/slo\/Cenik\/Stomatologija","og_locale":"en_US","og_type":"article","og_title":"Cenik zobozdravstvenih storitev - Poliklinika Bagatin","og_description":"Cenik zobozdravstvenih storitev v Polikliniki Bagatin. Izvedite vse o na\u0161ih storitvah, posebnih ponudbah in na\u010dinih pla\u010dila.","og_url":"https:\/\/www.poliklinikabagatin.hr\/slo\/Cenik\/Stomatologija","og_site_name":"Poliklinika Bagatin","article_modified_time":"2025-07-22T09:41:07+00:00","twitter_card":"summary_large_image","schema":{"@context":"https:\/\/schema.org","@graph":[{"@type":"WebPage","@id":"https:\/\/www.poliklinikabagatin.hr\/slo\/Cenik\/Stomatologija","url":"https:\/\/www.poliklinikabagatin.hr\/slo\/Cenik\/Stomatologija","name":"Cenik zobozdravstvenih storitev - Poliklinika Bagatin","isPartOf":{"@id":"https:\/\/www.poliklinikabagatin.hr\/slo#website"},"datePublished":"2023-11-06T08:28:15+00:00","dateModified":"2025-07-22T09:41:07+00:00","description":"Cenik zobozdravstvenih storitev v Polikliniki Bagatin. Izvedite vse o na\u0161ih storitvah, posebnih ponudbah in na\u010dinih pla\u010dila.","breadcrumb":{"@id":"https:\/\/www.poliklinikabagatin.hr\/slo\/Cenik\/Stomatologija#breadcrumb"},"inLanguage":"sl-SL","potentialAction":[{"@type":"ReadAction","target":["https:\/\/www.poliklinikabagatin.hr\/slo\/Cenik\/Stomatologija"]}]},{"@type":"BreadcrumbList","@id":"https:\/\/www.poliklinikabagatin.hr\/slo\/Cenik\/Stomatologija#breadcrumb","itemListElement":[{"@type":"ListItem","position":1,"name":"Po\u010detna stranica","item":"https:\/\/www.poliklinikabagatin.hr\/slo"},{"@type":"ListItem","position":2,"name":"Cenik","item":"https:\/\/www.poliklinikabagatin.hr\/slo\/Cenik"},{"@type":"ListItem","position":3,"name":"Zobozdravstvo"}]},{"@type":"WebSite","@id":"https:\/\/www.poliklinikabagatin.hr\/slo#website","url":"https:\/\/www.poliklinikabagatin.hr\/slo","name":"Poliklinika Bagatin","description":"","potentialAction":[{"@type":"SearchAction","target":{"@type":"EntryPoint","urlTemplate":"https:\/\/www.poliklinikabagatin.hr\/slo?s={search_term_string}"},"query-input":{"@type":"PropertyValueSpecification","valueRequired":true,"valueName":"search_term_string"}}],"inLanguage":"sl-SL"}]}},"_links":{"self":[{"href":"https:\/\/www.poliklinikabagatin.hr\/slo\/wp-json\/wp\/v2\/pages\/13774","targetHints":{"allow":["GET"]}}],"collection":[{"href":"https:\/\/www.poliklinikabagatin.hr\/slo\/wp-json\/wp\/v2\/pages"}],"about":[{"href":"https:\/\/www.poliklinikabagatin.hr\/slo\/wp-json\/wp\/v2\/types\/page"}],"author":[{"embeddable":true,"href":"https:\/\/www.poliklinikabagatin.hr\/slo\/wp-json\/wp\/v2\/users\/13"}],"replies":[{"embeddable":true,"href":"https:\/\/www.poliklinikabagatin.hr\/slo\/wp-json\/wp\/v2\/comments?post=13774"}],"version-history":[{"count":4,"href":"https:\/\/www.poliklinikabagatin.hr\/slo\/wp-json\/wp\/v2\/pages\/13774\/revisions"}],"predecessor-version":[{"id":15202,"href":"https:\/\/www.poliklinikabagatin.hr\/slo\/wp-json\/wp\/v2\/pages\/13774\/revisions\/15202"}],"up":[{"embeddable":true,"href":"https:\/\/www.poliklinikabagatin.hr\/slo\/wp-json\/wp\/v2\/pages\/13781"}],"wp:attachment":[{"href":"https:\/\/www.poliklinikabagatin.hr\/slo\/wp-json\/wp\/v2\/media?parent=13774"}],"curies":[{"name":"wp","href":"https:\/\/api.w.org\/{rel}","templated":true}]}}