{"id":13478,"date":"2023-11-06T08:28:15","date_gmt":"2023-11-06T08:28:15","guid":{"rendered":"https:\/\/www.poliklinikabagatin.hr\/Preisliste\/Zahnheilkunde"},"modified":"2025-07-31T08:34:09","modified_gmt":"2025-07-31T08:34:09","slug":"Zahnmedizin","status":"publish","type":"page","link":"https:\/\/www.poliklinikabagatin.hr\/ger\/Preisliste\/Zahnmedizin","title":{"rendered":"Zahnheilkunde"},"content":{"rendered":"","protected":false},"excerpt":{"rendered":"<p>Investieren Sie in die Gesundheit und Sch\u00f6nheit Ihres L\u00e4chelns mit erstklassiger Zahnpflege. Unser Team nutzt moderne Methoden und Technologien f\u00fcr Diagnostik, Behandlung und \u00e4sthetische Rekonstruktion Ihrer Z\u00e4hne. <\/p>\n","protected":false},"author":13,"featured_media":0,"parent":13473,"menu_order":64,"comment_status":"closed","ping_status":"closed","template":"tpl-price-detail.php","meta":{"_acf_changed":false,"footnotes":""},"class_list":["post-13478","page","type-page","status-publish","hentry"],"acf":[],"yoast_head":"<!-- This site is optimized with the Yoast SEO plugin v25.2 - https:\/\/yoast.com\/wordpress\/plugins\/seo\/ -->\n<title>Zahnmedizin - Poliklinika Bagatin<\/title>\n<meta name=\"robots\" content=\"index, follow, max-snippet:-1, max-image-preview:large, max-video-preview:-1\" \/>\n<link rel=\"canonical\" href=\"https:\/\/www.poliklinikabagatin.hr\/ger\/Preisliste\/Zahnmedizin\" \/>\n<meta property=\"og:locale\" content=\"de_DE\" \/>\n<meta property=\"og:type\" content=\"article\" \/>\n<meta property=\"og:title\" content=\"Zahnmedizin - Poliklinika Bagatin\" \/>\n<meta property=\"og:description\" content=\"Investieren Sie in die Gesundheit und Sch\u00f6nheit Ihres L\u00e4chelns mit erstklassiger Zahnpflege. Unser Team nutzt moderne Methoden und Technologien f\u00fcr Diagnostik, Behandlung und \u00e4sthetische Rekonstruktion Ihrer Z\u00e4hne.\" \/>\n<meta property=\"og:url\" content=\"https:\/\/www.poliklinikabagatin.hr\/ger\/Preisliste\/Zahnmedizin\" \/>\n<meta property=\"og:site_name\" content=\"Poliklinika Bagatin\" \/>\n<meta property=\"article:modified_time\" content=\"2025-07-31T08:34:09+00:00\" \/>\n<meta name=\"twitter:card\" content=\"summary_large_image\" \/>\n<!-- \/ Yoast SEO plugin. -->","yoast_head_json":{"title":"Zahnmedizin - Poliklinika Bagatin","robots":{"index":"index","follow":"follow","max-snippet":"max-snippet:-1","max-image-preview":"max-image-preview:large","max-video-preview":"max-video-preview:-1"},"canonical":"https:\/\/www.poliklinikabagatin.hr\/ger\/Preisliste\/Zahnmedizin","og_locale":"de_DE","og_type":"article","og_title":"Zahnmedizin - Poliklinika Bagatin","og_description":"Investieren Sie in die Gesundheit und Sch\u00f6nheit Ihres L\u00e4chelns mit erstklassiger Zahnpflege. Unser Team nutzt moderne Methoden und Technologien f\u00fcr Diagnostik, Behandlung und \u00e4sthetische Rekonstruktion Ihrer Z\u00e4hne.","og_url":"https:\/\/www.poliklinikabagatin.hr\/ger\/Preisliste\/Zahnmedizin","og_site_name":"Poliklinika Bagatin","article_modified_time":"2025-07-31T08:34:09+00:00","twitter_card":"summary_large_image","schema":{"@context":"https:\/\/schema.org","@graph":[{"@type":"WebPage","@id":"https:\/\/www.poliklinikabagatin.hr\/ger\/Preisliste\/Zahnmedizin","url":"https:\/\/www.poliklinikabagatin.hr\/ger\/Preisliste\/Zahnmedizin","name":"Zahnmedizin - Poliklinika Bagatin","isPartOf":{"@id":"https:\/\/www.poliklinikabagatin.hr\/ger#website"},"datePublished":"2023-11-06T08:28:15+00:00","dateModified":"2025-07-31T08:34:09+00:00","breadcrumb":{"@id":"https:\/\/www.poliklinikabagatin.hr\/ger\/Preisliste\/Zahnmedizin#breadcrumb"},"inLanguage":"de-Du","potentialAction":[{"@type":"ReadAction","target":["https:\/\/www.poliklinikabagatin.hr\/ger\/Preisliste\/Zahnmedizin"]}]},{"@type":"BreadcrumbList","@id":"https:\/\/www.poliklinikabagatin.hr\/ger\/Preisliste\/Zahnmedizin#breadcrumb","itemListElement":[{"@type":"ListItem","position":1,"name":"Po\u010detna stranica","item":"https:\/\/www.poliklinikabagatin.hr\/ger"},{"@type":"ListItem","position":2,"name":"Preisliste","item":"https:\/\/www.poliklinikabagatin.hr\/ger\/Preisliste"},{"@type":"ListItem","position":3,"name":"Zahnheilkunde"}]},{"@type":"WebSite","@id":"https:\/\/www.poliklinikabagatin.hr\/ger#website","url":"https:\/\/www.poliklinikabagatin.hr\/ger","name":"Poliklinika Bagatin","description":"","potentialAction":[{"@type":"SearchAction","target":{"@type":"EntryPoint","urlTemplate":"https:\/\/www.poliklinikabagatin.hr\/ger?s={search_term_string}"},"query-input":{"@type":"PropertyValueSpecification","valueRequired":true,"valueName":"search_term_string"}}],"inLanguage":"de-Du"}]}},"_links":{"self":[{"href":"https:\/\/www.poliklinikabagatin.hr\/ger\/wp-json\/wp\/v2\/pages\/13478","targetHints":{"allow":["GET"]}}],"collection":[{"href":"https:\/\/www.poliklinikabagatin.hr\/ger\/wp-json\/wp\/v2\/pages"}],"about":[{"href":"https:\/\/www.poliklinikabagatin.hr\/ger\/wp-json\/wp\/v2\/types\/page"}],"author":[{"embeddable":true,"href":"https:\/\/www.poliklinikabagatin.hr\/ger\/wp-json\/wp\/v2\/users\/13"}],"replies":[{"embeddable":true,"href":"https:\/\/www.poliklinikabagatin.hr\/ger\/wp-json\/wp\/v2\/comments?post=13478"}],"version-history":[{"count":8,"href":"https:\/\/www.poliklinikabagatin.hr\/ger\/wp-json\/wp\/v2\/pages\/13478\/revisions"}],"predecessor-version":[{"id":15874,"href":"https:\/\/www.poliklinikabagatin.hr\/ger\/wp-json\/wp\/v2\/pages\/13478\/revisions\/15874"}],"up":[{"embeddable":true,"href":"https:\/\/www.poliklinikabagatin.hr\/ger\/wp-json\/wp\/v2\/pages\/13473"}],"wp:attachment":[{"href":"https:\/\/www.poliklinikabagatin.hr\/ger\/wp-json\/wp\/v2\/media?parent=13478"}],"curies":[{"name":"wp","href":"https:\/\/api.w.org\/{rel}","templated":true}]}}